{"id":186,"date":"2024-04-08T08:30:20","date_gmt":"2024-04-08T08:30:20","guid":{"rendered":"https:\/\/www.entraideprotestantelarochelle.fr\/SiteEntraide\/?page_id=186"},"modified":"2024-06-05T07:41:10","modified_gmt":"2024-06-05T07:41:10","slug":"associations-hebergees","status":"publish","type":"page","link":"https:\/\/www.entraideprotestantelarochelle.fr\/SiteEntraide\/associations-hebergees\/","title":{"rendered":"Domaine de l&rsquo;Aubre\u00e7ay"},"content":{"rendered":"\n<p class=\"wp-block-paragraph\">Le Domaine de l\u2019Aubre\u00e7ay, re\u00e7u par legs en 1916 \u00e0 l\u2019Entraide protestante de La Rochelle avec une charge d\u2019y mener des activit\u00e9s indissociablement agricoles et sociales, est situ\u00e9 \u00e0 un quart d\u2019heure de La Rochelle. Depuis, le domaine ne cesse de remplir sa mission en accueillant diverses associations sur son site\u202f:&nbsp;<\/p>\n\n\n\n<p class=\"has-regular-font-size wp-block-paragraph\"><strong>Fondation des Diaconesses de Reuilly<\/strong><\/p>\n\n\n\n<p class=\"wp-block-paragraph\">En 2015, la <a href=\"https:\/\/lesdiaconesses.org\/\">Fondation des Diaconesses<\/a> r\u00e9pond \u00e0 un appel d\u2019offres pour accueillir et aider les demandeurs d\u2019asile dans le d\u00e9partement. La maison de l\u2019Aubre\u00e7ay h\u00e9berge alors des personnes et familles irakiennes, syriennes et \u00e9rythr\u00e9ennes, fuyant les conflits. En 2018, des installations modulaires sont install\u00e9es dans le parc pour accueillir vingt-huit Pakistanais. Ce qui devait durer six mois perdure jusqu\u2019en 2020 avec l\u2019accueil d\u2019Afghans. En 2019, l\u2019Aubre\u00e7ay devient aussi un CPH, centre provisoire d\u2019h\u00e9bergement pour les r\u00e9fugi\u00e9s les plus vuln\u00e9rables. Leurs origines sont multiples\u202f: Afghanistan, Inde, Bengladesh, Guin\u00e9e&#8230;<\/p>\n\n\n\n<p class=\"wp-block-paragraph\">En mars 2022, la Fondation est sollicit\u00e9e par la pr\u00e9fecture pour coordonner l\u2019accueil citoyen des ressortissants ukrainiens. L\u2019Aubre\u00e7ay accueille donc l\u2019\u00e9quipe de travailleurs sociaux. Au fil des ans, les travailleurs sociaux sur le site sont pass\u00e9s de deux \u00e0 quinze. Leurs missions principales sont\u202f: &nbsp;<\/p>\n\n\n\n<ul class=\"wp-block-list\">\n<li>d\u2019offrir un accueil et un h\u00e9bergement digne jusqu\u2019\u00e0 l\u2019obtention d\u2019une r\u00e9ponse \u00e0 la demande d\u2019asile,&nbsp;<\/li>\n\n\n\n<li>d\u2019assurer un accompagnement adminis\u00adtratif, social et sanitaire,&nbsp;<\/li>\n\n\n\n<li>de pr\u00e9parer et d\u2019accompagner la sortie des personnes,&nbsp;<\/li>\n\n\n\n<li>de d\u00e9velopper un partenariat avec les collectivit\u00e9s locales et le tissu associatif.&nbsp;<\/li>\n<\/ul>\n\n\n\n<p class=\"wp-block-paragraph\">Une \u00e9quipe de travailleurs sociaux et pro\u00adfessionnels form\u00e9s au droit d\u2019asile, ainsi que des b\u00e9n\u00e9voles, accompagnent les personnes accueillies. Le cadre naturel de l\u2019Aubre\u00e7ay et sa proximit\u00e9 avec La Rochelle en font un lieu appr\u00e9ci\u00e9. L\u2019aide des membres de l\u2019Entraide protestante, la pr\u00e9sence des mara\u00eechers et d\u2019autres associations permet des \u00e9changes conviviaux et riches en d\u00e9couvertes.&nbsp;<\/p>\n\n\n\n<p class=\"wp-block-paragraph\"><strong>CONTACT<\/strong> 05 17 26 15 28<\/p>\n\n\n\n<figure class=\"wp-block-gallery has-nested-images columns-default is-cropped wp-block-gallery-1 is-layout-flex wp-block-gallery-is-layout-flex\">\n<figure class=\"wp-block-image size-large\"><img loading=\"lazy\" decoding=\"async\" width=\"1024\" height=\"753\" data-id=\"389\" src=\"https:\/\/www.entraideprotestantelarochelle.fr\/SiteEntraide\/wp-content\/uploads\/2024\/05\/Logo-Diacs-1024x753.png\" alt=\"\" class=\"wp-image-389\" srcset=\"https:\/\/www.entraideprotestantelarochelle.fr\/SiteEntraide\/wp-content\/uploads\/2024\/05\/Logo-Diacs-1024x753.png 1024w, https:\/\/www.entraideprotestantelarochelle.fr\/SiteEntraide\/wp-content\/uploads\/2024\/05\/Logo-Diacs-300x221.png 300w, https:\/\/www.entraideprotestantelarochelle.fr\/SiteEntraide\/wp-content\/uploads\/2024\/05\/Logo-Diacs-768x565.png 768w, https:\/\/www.entraideprotestantelarochelle.fr\/SiteEntraide\/wp-content\/uploads\/2024\/05\/Logo-Diacs-1536x1129.png 1536w, https:\/\/www.entraideprotestantelarochelle.fr\/SiteEntraide\/wp-content\/uploads\/2024\/05\/Logo-Diacs-2048x1506.png 2048w\" sizes=\"auto, (max-width: 1024px) 100vw, 1024px\" \/><\/figure>\n\n\n\n<figure class=\"wp-block-image size-large\"><img loading=\"lazy\" decoding=\"async\" width=\"1024\" height=\"915\" data-id=\"201\" src=\"https:\/\/www.entraideprotestantelarochelle.fr\/SiteEntraide\/wp-content\/uploads\/2024\/04\/07-PhotosMigrantsb-1024x915.jpg\" alt=\"\" class=\"wp-image-201\" srcset=\"https:\/\/www.entraideprotestantelarochelle.fr\/SiteEntraide\/wp-content\/uploads\/2024\/04\/07-PhotosMigrantsb-1024x915.jpg 1024w, https:\/\/www.entraideprotestantelarochelle.fr\/SiteEntraide\/wp-content\/uploads\/2024\/04\/07-PhotosMigrantsb-300x268.jpg 300w, https:\/\/www.entraideprotestantelarochelle.fr\/SiteEntraide\/wp-content\/uploads\/2024\/04\/07-PhotosMigrantsb-768x686.jpg 768w, https:\/\/www.entraideprotestantelarochelle.fr\/SiteEntraide\/wp-content\/uploads\/2024\/04\/07-PhotosMigrantsb-1536x1373.jpg 1536w, https:\/\/www.entraideprotestantelarochelle.fr\/SiteEntraide\/wp-content\/uploads\/2024\/04\/07-PhotosMigrantsb-2048x1830.jpg 2048w\" sizes=\"auto, (max-width: 1024px) 100vw, 1024px\" \/><\/figure>\n\n\n\n<figure class=\"wp-block-image size-large\"><img loading=\"lazy\" decoding=\"async\" width=\"1024\" height=\"768\" data-id=\"417\" src=\"https:\/\/www.entraideprotestantelarochelle.fr\/SiteEntraide\/wp-content\/uploads\/2024\/06\/07-Migrants2-1024x768.jpg\" alt=\"\" class=\"wp-image-417\" srcset=\"https:\/\/www.entraideprotestantelarochelle.fr\/SiteEntraide\/wp-content\/uploads\/2024\/06\/07-Migrants2-1024x768.jpg 1024w, https:\/\/www.entraideprotestantelarochelle.fr\/SiteEntraide\/wp-content\/uploads\/2024\/06\/07-Migrants2-300x225.jpg 300w, https:\/\/www.entraideprotestantelarochelle.fr\/SiteEntraide\/wp-content\/uploads\/2024\/06\/07-Migrants2-768x576.jpg 768w, https:\/\/www.entraideprotestantelarochelle.fr\/SiteEntraide\/wp-content\/uploads\/2024\/06\/07-Migrants2-1536x1152.jpg 1536w, https:\/\/www.entraideprotestantelarochelle.fr\/SiteEntraide\/wp-content\/uploads\/2024\/06\/07-Migrants2-2048x1536.jpg 2048w\" sizes=\"auto, (max-width: 1024px) 100vw, 1024px\" \/><\/figure>\n<\/figure>\n\n\n\n<p class=\"has-regular-font-size wp-block-paragraph\"><strong>\u00c9glise protestante unie de La Rochelle<\/strong><\/p>\n\n\n\n<p class=\"wp-block-paragraph\">L&rsquo;<a href=\"https:\/\/larochelle.epudf.org\/\">\u00c9glise protestante unie de La Rochelle<\/a> organise une partie de sa vie communautaire au Domaine de l&rsquo;Aubre\u00e7ay lors de belles journ\u00e9es comme la F\u00eate de l\u2019\u00c9glise en \u00e9t\u00e9, avec le culte sous les arbres et un grand repas partag\u00e9, ou encore pour des rencontres de jeunes ou avec les familles. L&rsquo;espace et la nature offrent un cadre propice \u00e0 ces moments d&rsquo;\u00e9changes et de convivialit\u00e9. Le Domaine de l&rsquo;Aubre\u00e7ay est aussi pour l&rsquo;\u00c9glise un lieu carrefour o\u00f9 elle prend place dans le monde \u00e0 travers ses \u0153uvres sociales par exemple, comme le diaconat, et t\u00e9moigne de l&rsquo;esp\u00e9rance qui la fait vivre.<\/p>\n\n\n\n<p class=\"wp-block-paragraph\"><strong>CONTACT<\/strong> 05 46 41 14 20 &#8211; epudelarochelle@gmail.com<\/p>\n\n\n\n<figure class=\"wp-block-gallery has-nested-images columns-default is-cropped wp-block-gallery-2 is-layout-flex wp-block-gallery-is-layout-flex\">\n<figure class=\"wp-block-image size-large\"><img loading=\"lazy\" decoding=\"async\" width=\"1024\" height=\"683\" data-id=\"387\" src=\"https:\/\/www.entraideprotestantelarochelle.fr\/SiteEntraide\/wp-content\/uploads\/2024\/05\/Logo-EPUdF-1-1024x683.jpg\" alt=\"\" class=\"wp-image-387\" srcset=\"https:\/\/www.entraideprotestantelarochelle.fr\/SiteEntraide\/wp-content\/uploads\/2024\/05\/Logo-EPUdF-1-1024x683.jpg 1024w, https:\/\/www.entraideprotestantelarochelle.fr\/SiteEntraide\/wp-content\/uploads\/2024\/05\/Logo-EPUdF-1-300x200.jpg 300w, https:\/\/www.entraideprotestantelarochelle.fr\/SiteEntraide\/wp-content\/uploads\/2024\/05\/Logo-EPUdF-1-768x512.jpg 768w, https:\/\/www.entraideprotestantelarochelle.fr\/SiteEntraide\/wp-content\/uploads\/2024\/05\/Logo-EPUdF-1-1536x1024.jpg 1536w, https:\/\/www.entraideprotestantelarochelle.fr\/SiteEntraide\/wp-content\/uploads\/2024\/05\/Logo-EPUdF-1-2048x1366.jpg 2048w\" sizes=\"auto, (max-width: 1024px) 100vw, 1024px\" \/><\/figure>\n\n\n\n<figure class=\"wp-block-image size-large\"><img loading=\"lazy\" decoding=\"async\" width=\"1024\" height=\"681\" data-id=\"385\" src=\"https:\/\/www.entraideprotestantelarochelle.fr\/SiteEntraide\/wp-content\/uploads\/2024\/05\/26062022-_ZPB4962-1024x681.jpg\" alt=\"\" class=\"wp-image-385\" srcset=\"https:\/\/www.entraideprotestantelarochelle.fr\/SiteEntraide\/wp-content\/uploads\/2024\/05\/26062022-_ZPB4962-1024x681.jpg 1024w, https:\/\/www.entraideprotestantelarochelle.fr\/SiteEntraide\/wp-content\/uploads\/2024\/05\/26062022-_ZPB4962-300x200.jpg 300w, https:\/\/www.entraideprotestantelarochelle.fr\/SiteEntraide\/wp-content\/uploads\/2024\/05\/26062022-_ZPB4962-768x511.jpg 768w, https:\/\/www.entraideprotestantelarochelle.fr\/SiteEntraide\/wp-content\/uploads\/2024\/05\/26062022-_ZPB4962-1536x1022.jpg 1536w, https:\/\/www.entraideprotestantelarochelle.fr\/SiteEntraide\/wp-content\/uploads\/2024\/05\/26062022-_ZPB4962-2048x1363.jpg 2048w\" sizes=\"auto, (max-width: 1024px) 100vw, 1024px\" \/><\/figure>\n\n\n\n<figure class=\"wp-block-image size-large\"><img loading=\"lazy\" decoding=\"async\" width=\"1024\" height=\"681\" data-id=\"384\" src=\"https:\/\/www.entraideprotestantelarochelle.fr\/SiteEntraide\/wp-content\/uploads\/2024\/05\/26062022-_PBA1983-1024x681.jpg\" alt=\"\" class=\"wp-image-384\" srcset=\"https:\/\/www.entraideprotestantelarochelle.fr\/SiteEntraide\/wp-content\/uploads\/2024\/05\/26062022-_PBA1983-1024x681.jpg 1024w, https:\/\/www.entraideprotestantelarochelle.fr\/SiteEntraide\/wp-content\/uploads\/2024\/05\/26062022-_PBA1983-300x200.jpg 300w, https:\/\/www.entraideprotestantelarochelle.fr\/SiteEntraide\/wp-content\/uploads\/2024\/05\/26062022-_PBA1983-768x511.jpg 768w, https:\/\/www.entraideprotestantelarochelle.fr\/SiteEntraide\/wp-content\/uploads\/2024\/05\/26062022-_PBA1983-1536x1022.jpg 1536w, https:\/\/www.entraideprotestantelarochelle.fr\/SiteEntraide\/wp-content\/uploads\/2024\/05\/26062022-_PBA1983-2048x1363.jpg 2048w\" sizes=\"auto, (max-width: 1024px) 100vw, 1024px\" \/><\/figure>\n<\/figure>\n\n\n\n<p class=\"has-regular-font-size wp-block-paragraph\"><strong>\u00c9claireuses et \u00c9claireurs Unionistes de La Rochelle <\/strong><\/p>\n\n\n\n<p class=\"wp-block-paragraph\"><a href=\"https:\/\/eeudf.org\/la-rochelle\">Les \u00c9claireuses et \u00c9claireurs Unionistes<\/a> sont un mouvement de scoutisme issu de l&rsquo;\u00c9glise protestante <strong>ouvert \u00e0 tous<\/strong>. M\u00e9thode d&rsquo;\u00e9ducation compl\u00e9mentaire \u00e0 la famille et \u00e0 l&rsquo;\u00e9cole, il vise \u00e0 l&rsquo;\u00e9panouissement de chacun par l&rsquo;apprentissage de l&rsquo;autonomie, du vivre-ensemble et de la solidarit\u00e9. Convaincus que chacun peut agir pour un monde meilleur, les \u00c9claireuses et \u00c9claireurs Unionistes souhaitent pr\u00e9parer les enfants et les adolescents \u00e0 \u00eatre acteurs de changement et \u00e0 s&rsquo;impliquer dans la construction d&rsquo;une soci\u00e9t\u00e9 fond\u00e9e sur trois principes : une soci\u00e9t\u00e9 d\u00e9mocratique, une soci\u00e9t\u00e9 fraternelle, une soci\u00e9t\u00e9 soucieuse de son environnement.<\/p>\n\n\n\n<p class=\"wp-block-paragraph\">Dans une vie de groupe dynamique, un syst\u00e8me d&rsquo;\u00e9quipes est mis en place o\u00f9 chacun trouve sa place, assume une responsabilit\u00e9 et d\u00e9veloppe son sens du service.<\/p>\n\n\n\n<ul class=\"wp-block-list\">\n<li>Louvettes et Louveteaux &#8211; 8 \u00e0 12 ans &#8211; Jouer et d\u00e9couvrir<\/li>\n\n\n\n<li>\u00c9claireuses et \u00c9claireurs &#8211; 12 \u00e0 16 ans &#8211; Construire et partager<\/li>\n\n\n\n<li>A\u00een\u00e9(e)s &#8211; 16 \u00e0 19 ans &#8211; Entreprendre et rencontrer<\/li>\n\n\n\n<li>Cadres locaux &#8211; le r\u00e9seau d&rsquo;adultes &#8211; Soutenir le groupe et les responsables<\/li>\n<\/ul>\n\n\n\n<p class=\"wp-block-paragraph\"><strong>CONTACT<\/strong> 06 60 79 19 12 &#8211; eeudflarochelle@gmail.com<\/p>\n\n\n\n<figure class=\"wp-block-gallery has-nested-images columns-default is-cropped wp-block-gallery-3 is-layout-flex wp-block-gallery-is-layout-flex\">\n<figure class=\"wp-block-image size-full\"><img loading=\"lazy\" decoding=\"async\" width=\"1004\" height=\"591\" data-id=\"388\" src=\"https:\/\/www.entraideprotestantelarochelle.fr\/SiteEntraide\/wp-content\/uploads\/2024\/05\/EEUdF-1.jpg\" alt=\"\" class=\"wp-image-388\" srcset=\"https:\/\/www.entraideprotestantelarochelle.fr\/SiteEntraide\/wp-content\/uploads\/2024\/05\/EEUdF-1.jpg 1004w, https:\/\/www.entraideprotestantelarochelle.fr\/SiteEntraide\/wp-content\/uploads\/2024\/05\/EEUdF-1-300x177.jpg 300w, https:\/\/www.entraideprotestantelarochelle.fr\/SiteEntraide\/wp-content\/uploads\/2024\/05\/EEUdF-1-768x452.jpg 768w\" sizes=\"auto, (max-width: 1004px) 100vw, 1004px\" \/><\/figure>\n\n\n\n<figure class=\"wp-block-image size-large\"><img loading=\"lazy\" decoding=\"async\" width=\"1024\" height=\"768\" data-id=\"190\" src=\"https:\/\/www.entraideprotestantelarochelle.fr\/SiteEntraide\/wp-content\/uploads\/2024\/04\/2023-07-0Fete-eglise11-1024x768.jpg\" alt=\"\" class=\"wp-image-190\" srcset=\"https:\/\/www.entraideprotestantelarochelle.fr\/SiteEntraide\/wp-content\/uploads\/2024\/04\/2023-07-0Fete-eglise11-1024x768.jpg 1024w, https:\/\/www.entraideprotestantelarochelle.fr\/SiteEntraide\/wp-content\/uploads\/2024\/04\/2023-07-0Fete-eglise11-300x225.jpg 300w, https:\/\/www.entraideprotestantelarochelle.fr\/SiteEntraide\/wp-content\/uploads\/2024\/04\/2023-07-0Fete-eglise11-768x576.jpg 768w, https:\/\/www.entraideprotestantelarochelle.fr\/SiteEntraide\/wp-content\/uploads\/2024\/04\/2023-07-0Fete-eglise11-1536x1152.jpg 1536w, https:\/\/www.entraideprotestantelarochelle.fr\/SiteEntraide\/wp-content\/uploads\/2024\/04\/2023-07-0Fete-eglise11.jpg 2016w\" sizes=\"auto, (max-width: 1024px) 100vw, 1024px\" \/><\/figure>\n\n\n\n<figure class=\"wp-block-image size-large\"><img loading=\"lazy\" decoding=\"async\" width=\"1024\" height=\"683\" data-id=\"198\" src=\"https:\/\/www.entraideprotestantelarochelle.fr\/SiteEntraide\/wp-content\/uploads\/2024\/04\/2024-03-3993-1024x683.jpg\" alt=\"\" class=\"wp-image-198\" srcset=\"https:\/\/www.entraideprotestantelarochelle.fr\/SiteEntraide\/wp-content\/uploads\/2024\/04\/2024-03-3993-1024x683.jpg 1024w, https:\/\/www.entraideprotestantelarochelle.fr\/SiteEntraide\/wp-content\/uploads\/2024\/04\/2024-03-3993-300x200.jpg 300w, https:\/\/www.entraideprotestantelarochelle.fr\/SiteEntraide\/wp-content\/uploads\/2024\/04\/2024-03-3993-768x512.jpg 768w, https:\/\/www.entraideprotestantelarochelle.fr\/SiteEntraide\/wp-content\/uploads\/2024\/04\/2024-03-3993-1536x1024.jpg 1536w, https:\/\/www.entraideprotestantelarochelle.fr\/SiteEntraide\/wp-content\/uploads\/2024\/04\/2024-03-3993-2048x1365.jpg 2048w\" sizes=\"auto, (max-width: 1024px) 100vw, 1024px\" \/><\/figure>\n<\/figure>\n","protected":false},"excerpt":{"rendered":"<p>Le Domaine de l\u2019Aubre\u00e7ay, re\u00e7u par legs en 1916 \u00e0 l\u2019Entraide protestante de La Rochelle avec une charge d\u2019y mener des activit\u00e9s indissociablement agricoles et sociales, est situ\u00e9 \u00e0 un quart d\u2019heure de La Rochelle. Depuis, le domaine ne cesse de remplir sa mission en accueillant diverses associations sur son site\u202f:&nbsp; Fondation des Diaconesses de [&hellip;]<\/p>\n","protected":false},"author":1,"featured_media":0,"parent":0,"menu_order":0,"comment_status":"closed","ping_status":"closed","template":"","meta":{"_crdt_document":"","_mc_calendar":[],"footnotes":""},"class_list":["post-186","page","type-page","status-publish","hentry"],"_links":{"self":[{"href":"https:\/\/www.entraideprotestantelarochelle.fr\/SiteEntraide\/wp-json\/wp\/v2\/pages\/186","targetHints":{"allow":["GET"]}}],"collection":[{"href":"https:\/\/www.entraideprotestantelarochelle.fr\/SiteEntraide\/wp-json\/wp\/v2\/pages"}],"about":[{"href":"https:\/\/www.entraideprotestantelarochelle.fr\/SiteEntraide\/wp-json\/wp\/v2\/types\/page"}],"author":[{"embeddable":true,"href":"https:\/\/www.entraideprotestantelarochelle.fr\/SiteEntraide\/wp-json\/wp\/v2\/users\/1"}],"replies":[{"embeddable":true,"href":"https:\/\/www.entraideprotestantelarochelle.fr\/SiteEntraide\/wp-json\/wp\/v2\/comments?post=186"}],"version-history":[{"count":14,"href":"https:\/\/www.entraideprotestantelarochelle.fr\/SiteEntraide\/wp-json\/wp\/v2\/pages\/186\/revisions"}],"predecessor-version":[{"id":486,"href":"https:\/\/www.entraideprotestantelarochelle.fr\/SiteEntraide\/wp-json\/wp\/v2\/pages\/186\/revisions\/486"}],"wp:attachment":[{"href":"https:\/\/www.entraideprotestantelarochelle.fr\/SiteEntraide\/wp-json\/wp\/v2\/media?parent=186"}],"curies":[{"name":"wp","href":"https:\/\/api.w.org\/{rel}","templated":true}]}}