{"id":249,"date":"2024-04-09T13:11:20","date_gmt":"2024-04-09T13:11:20","guid":{"rendered":"https:\/\/www.entraideprotestantelarochelle.fr\/SiteEntraide\/?page_id=249"},"modified":"2024-06-05T07:51:36","modified_gmt":"2024-06-05T07:51:36","slug":"la-salle","status":"publish","type":"page","link":"https:\/\/www.entraideprotestantelarochelle.fr\/SiteEntraide\/la-salle\/","title":{"rendered":"La salle bleue"},"content":{"rendered":"\n<p class=\"wp-block-paragraph\">Aux portes de La Rochelle, dans un cadre bucolique, le domaine de l&rsquo;Aubre\u00e7ay vous propose une salle pouvant accueillir jusqu&rsquo;\u00e0 50 personnes, ouvrant sur un parc arbor\u00e9. Vous pouvez y faire des r\u00e9unions ou des rassemblements ; elle est dot\u00e9e de tables et de chaises, ainsi que d&rsquo;\u00e9quipements divers. <\/p>\n\n\n\n<p class=\"wp-block-paragraph\"><strong>ACC\u00c8S<\/strong><br>En voiture : Le domaine de l&rsquo;Aubre\u00e7ay est situ\u00e9 au 4 rue Cavelier de La Salle \u00e0 Saint-Xandre, \u00e0 1\/4h en voiture de La Rochelle. Le parking est gratuit.<br>En bus : L\u2019arr\u00eat de la ligne 12 est situ\u00e9 \u00e0 5 mn \u00e0 pied et vous relie \u00e0 la place de Verdun en vingt minutes. <\/p>\n\n\n\n<p class=\"has-text-align-center has-body-text-color has-text-color has-link-color has-regular-font-size wp-elements-aa71d8ad5274807cdb43521929a84902 wp-block-paragraph\"><strong>Vous cherchez une salle ?<\/strong> <strong>Pensez \u00e0 l&rsquo;Aubre\u00e7ay<\/strong> !<\/p>\n\n\n\n<div class=\"wp-block-columns has-body-text-color has-text-color has-background has-link-color wp-elements-6b706ef657015f91dcd018580394a0d9 is-layout-flex wp-container-core-columns-is-layout-7387b849 wp-block-columns-is-layout-flex\" style=\"background:linear-gradient(135deg,rgb(238,238,238) 52%,rgb(216,220,223) 100%)\">\n<div class=\"wp-block-column is-layout-flow wp-block-column-is-layout-flow\">\n<p class=\"wp-block-paragraph\"><br><strong>\u00c9quipements :<\/strong><\/p>\n\n\n\n<ul class=\"wp-block-list\">\n<li>1 \u00e9cran g\u00e9ant<\/li>\n\n\n\n<li>1 r\u00e9troprojecteur<\/li>\n\n\n\n<li>1 micro-ondes<\/li>\n\n\n\n<li>1 machine \u00e0 caf\u00e9<\/li>\n\n\n\n<li>1 bouilloire<\/li>\n\n\n\n<li>1 frigo<\/li>\n\n\n\n<li>1 connexion wifi<\/li>\n<\/ul>\n<\/div>\n\n\n\n<div class=\"wp-block-column is-layout-flow wp-block-column-is-layout-flow\">\n<figure class=\"wp-block-image size-large\"><img loading=\"lazy\" decoding=\"async\" width=\"2148\" height=\"1209\" src=\"https:\/\/www.entraideprotestantelarochelle.fr\/SiteEntraide\/wp-content\/uploads\/2024\/04\/ZZ-Sallebleue3-edited.jpg\" alt=\"\" class=\"wp-image-322\" srcset=\"https:\/\/www.entraideprotestantelarochelle.fr\/SiteEntraide\/wp-content\/uploads\/2024\/04\/ZZ-Sallebleue3-edited.jpg 2148w, https:\/\/www.entraideprotestantelarochelle.fr\/SiteEntraide\/wp-content\/uploads\/2024\/04\/ZZ-Sallebleue3-edited-300x169.jpg 300w, https:\/\/www.entraideprotestantelarochelle.fr\/SiteEntraide\/wp-content\/uploads\/2024\/04\/ZZ-Sallebleue3-edited-1024x576.jpg 1024w, https:\/\/www.entraideprotestantelarochelle.fr\/SiteEntraide\/wp-content\/uploads\/2024\/04\/ZZ-Sallebleue3-edited-768x432.jpg 768w, https:\/\/www.entraideprotestantelarochelle.fr\/SiteEntraide\/wp-content\/uploads\/2024\/04\/ZZ-Sallebleue3-edited-1536x865.jpg 1536w, https:\/\/www.entraideprotestantelarochelle.fr\/SiteEntraide\/wp-content\/uploads\/2024\/04\/ZZ-Sallebleue3-edited-2048x1153.jpg 2048w\" sizes=\"auto, (max-width: 2148px) 100vw, 2148px\" \/><\/figure>\n<\/div>\n<\/div>\n\n\n\n<p class=\"has-text-align-center wp-block-paragraph\" style=\"margin-top:var(--wp--preset--spacing--40);margin-right:var(--wp--preset--spacing--40);margin-bottom:var(--wp--preset--spacing--40);margin-left:var(--wp--preset--spacing--40)\"><strong>Tarif public<\/strong><\/p>\n\n\n\n<figure class=\"wp-block-image aligncenter size-large\"><img loading=\"lazy\" decoding=\"async\" width=\"1024\" height=\"206\" src=\"https:\/\/www.entraideprotestantelarochelle.fr\/SiteEntraide\/wp-content\/uploads\/2024\/06\/05-Salle-bleue-CORR-1024x206.png\" alt=\"\" class=\"wp-image-424\" srcset=\"https:\/\/www.entraideprotestantelarochelle.fr\/SiteEntraide\/wp-content\/uploads\/2024\/06\/05-Salle-bleue-CORR-1024x206.png 1024w, https:\/\/www.entraideprotestantelarochelle.fr\/SiteEntraide\/wp-content\/uploads\/2024\/06\/05-Salle-bleue-CORR-300x60.png 300w, https:\/\/www.entraideprotestantelarochelle.fr\/SiteEntraide\/wp-content\/uploads\/2024\/06\/05-Salle-bleue-CORR-768x155.png 768w, https:\/\/www.entraideprotestantelarochelle.fr\/SiteEntraide\/wp-content\/uploads\/2024\/06\/05-Salle-bleue-CORR-1536x310.png 1536w, https:\/\/www.entraideprotestantelarochelle.fr\/SiteEntraide\/wp-content\/uploads\/2024\/06\/05-Salle-bleue-CORR.png 2004w\" sizes=\"auto, (max-width: 1024px) 100vw, 1024px\" \/><\/figure>\n\n\n\n<p class=\"has-text-align-center wp-block-paragraph\" style=\"margin-top:var(--wp--preset--spacing--40);margin-right:var(--wp--preset--spacing--40);margin-bottom:var(--wp--preset--spacing--40);margin-left:var(--wp--preset--spacing--40)\"><strong>Am\u00e9nagements<\/strong><\/p>\n\n\n\n<figure class=\"wp-block-image aligncenter size-large\"><img loading=\"lazy\" decoding=\"async\" width=\"1024\" height=\"207\" src=\"https:\/\/www.entraideprotestantelarochelle.fr\/SiteEntraide\/wp-content\/uploads\/2024\/04\/04-SalleBleue-1024x207.jpg\" alt=\"\" class=\"wp-image-252\" srcset=\"https:\/\/www.entraideprotestantelarochelle.fr\/SiteEntraide\/wp-content\/uploads\/2024\/04\/04-SalleBleue-1024x207.jpg 1024w, https:\/\/www.entraideprotestantelarochelle.fr\/SiteEntraide\/wp-content\/uploads\/2024\/04\/04-SalleBleue-300x61.jpg 300w, https:\/\/www.entraideprotestantelarochelle.fr\/SiteEntraide\/wp-content\/uploads\/2024\/04\/04-SalleBleue-768x156.jpg 768w, https:\/\/www.entraideprotestantelarochelle.fr\/SiteEntraide\/wp-content\/uploads\/2024\/04\/04-SalleBleue-1536x311.jpg 1536w, https:\/\/www.entraideprotestantelarochelle.fr\/SiteEntraide\/wp-content\/uploads\/2024\/04\/04-SalleBleue-2048x415.jpg 2048w\" sizes=\"auto, (max-width: 1024px) 100vw, 1024px\" \/><\/figure>\n\n\n\n<p class=\"wp-block-paragraph\">Vous pouvez r\u00e9server cet espace \u00e0 tout moment. Il suffit de prendre contact avec nous par&nbsp;mail ou par&nbsp;t\u00e9l\u00e9phone.<\/p>\n\n\n\n<p class=\"wp-block-paragraph\"><strong>R\u00c9SERVATION <\/strong><br>par mail : contact@jardins-aubre\u00e7ay.org<br>ou par t\u00e9l\u00e9phone : 06 22 53 05 39<\/p>\n","protected":false},"excerpt":{"rendered":"<p>Aux portes de La Rochelle, dans un cadre bucolique, le domaine de l&rsquo;Aubre\u00e7ay vous propose une salle pouvant accueillir jusqu&rsquo;\u00e0 50 personnes, ouvrant sur un parc arbor\u00e9. Vous pouvez y faire des r\u00e9unions ou des rassemblements ; elle est dot\u00e9e de tables et de chaises, ainsi que d&rsquo;\u00e9quipements divers. ACC\u00c8SEn voiture : Le domaine de [&hellip;]<\/p>\n","protected":false},"author":1,"featured_media":0,"parent":0,"menu_order":0,"comment_status":"closed","ping_status":"closed","template":"","meta":{"_crdt_document":"","_mc_calendar":[],"footnotes":""},"class_list":["post-249","page","type-page","status-publish","hentry"],"_links":{"self":[{"href":"https:\/\/www.entraideprotestantelarochelle.fr\/SiteEntraide\/wp-json\/wp\/v2\/pages\/249","targetHints":{"allow":["GET"]}}],"collection":[{"href":"https:\/\/www.entraideprotestantelarochelle.fr\/SiteEntraide\/wp-json\/wp\/v2\/pages"}],"about":[{"href":"https:\/\/www.entraideprotestantelarochelle.fr\/SiteEntraide\/wp-json\/wp\/v2\/types\/page"}],"author":[{"embeddable":true,"href":"https:\/\/www.entraideprotestantelarochelle.fr\/SiteEntraide\/wp-json\/wp\/v2\/users\/1"}],"replies":[{"embeddable":true,"href":"https:\/\/www.entraideprotestantelarochelle.fr\/SiteEntraide\/wp-json\/wp\/v2\/comments?post=249"}],"version-history":[{"count":10,"href":"https:\/\/www.entraideprotestantelarochelle.fr\/SiteEntraide\/wp-json\/wp\/v2\/pages\/249\/revisions"}],"predecessor-version":[{"id":425,"href":"https:\/\/www.entraideprotestantelarochelle.fr\/SiteEntraide\/wp-json\/wp\/v2\/pages\/249\/revisions\/425"}],"wp:attachment":[{"href":"https:\/\/www.entraideprotestantelarochelle.fr\/SiteEntraide\/wp-json\/wp\/v2\/media?parent=249"}],"curies":[{"name":"wp","href":"https:\/\/api.w.org\/{rel}","templated":true}]}}