{"id":342,"date":"2024-04-10T14:09:49","date_gmt":"2024-04-10T14:09:49","guid":{"rendered":"https:\/\/www.entraideprotestantelarochelle.fr\/SiteEntraide\/?page_id=342"},"modified":"2024-06-05T07:47:15","modified_gmt":"2024-06-05T07:47:15","slug":"laide-alimentaire","status":"publish","type":"page","link":"https:\/\/www.entraideprotestantelarochelle.fr\/SiteEntraide\/laide-alimentaire\/","title":{"rendered":"L&rsquo;aide alimentaire"},"content":{"rendered":"\n<p class=\"has-regular-font-size wp-block-paragraph\"><strong>La distribution<\/strong><\/p>\n\n\n\n<p class=\"wp-block-paragraph\">Depuis le d\u00e9but des ann\u00e9es 80, l\u2019Entraide Protestante de La Rochelle distribue de l\u2019alimentation sur 3 sites en ville. Elle s\u2019approvisionne essentiellement aupr\u00e8s de la <a href=\"https:\/\/www.banquealimentaire.org\/\">Banque alimentaire<\/a> et avec le soutien du CCAS. Les membres de l\u2019Entraide protestante de La Rochelle participent d\u2019ailleurs aux collectes de la Banque alimentaire deux fois par an.<\/p>\n\n\n\n<p class=\"wp-block-paragraph\">L\u2019Entraide Protestante de La Rochelle s\u2019engage \u00e0 participer aux objectifs souscrits par la F\u00e9d\u00e9ration de l&rsquo;Entraide protestante notamment\u202f:<\/p>\n\n\n\n<ul class=\"wp-block-list\">\n<li>elle lutte contre la pr\u00e9carit\u00e9 alimentaire en favorisant l\u2019acc\u00e8s \u00e0 une alimentation s\u00fbre, diversifi\u00e9e, de bonne qualit\u00e9 et en quantit\u00e9 suffisante aux personnes en situation de vuln\u00e9rabilit\u00e9 \u00e9conomique ou sociale ;<\/li>\n\n\n\n<li>elle s\u2019inscrit dans le respect du principe de dignit\u00e9 des personnes ;<\/li>\n\n\n\n<li>elle participe \u00e0 la reconnaissance et au d\u00e9veloppement des capacit\u00e9s des personnes \u00e0 agir pour elles-m\u00eames et dans leur environnement.<\/li>\n<\/ul>\n\n\n\n<figure class=\"wp-block-gallery has-nested-images columns-default is-cropped wp-block-gallery-1 is-layout-flex wp-block-gallery-is-layout-flex\">\n<figure class=\"wp-block-image size-large\"><img loading=\"lazy\" decoding=\"async\" width=\"2560\" height=\"1439\" data-id=\"314\" src=\"https:\/\/www.entraideprotestantelarochelle.fr\/SiteEntraide\/wp-content\/uploads\/2024\/04\/IMG_4016-edited-scaled.jpg\" alt=\"\" class=\"wp-image-314\" srcset=\"https:\/\/www.entraideprotestantelarochelle.fr\/SiteEntraide\/wp-content\/uploads\/2024\/04\/IMG_4016-edited-scaled.jpg 2560w, https:\/\/www.entraideprotestantelarochelle.fr\/SiteEntraide\/wp-content\/uploads\/2024\/04\/IMG_4016-edited-300x169.jpg 300w, https:\/\/www.entraideprotestantelarochelle.fr\/SiteEntraide\/wp-content\/uploads\/2024\/04\/IMG_4016-edited-1024x576.jpg 1024w, https:\/\/www.entraideprotestantelarochelle.fr\/SiteEntraide\/wp-content\/uploads\/2024\/04\/IMG_4016-edited-768x432.jpg 768w, https:\/\/www.entraideprotestantelarochelle.fr\/SiteEntraide\/wp-content\/uploads\/2024\/04\/IMG_4016-edited-1536x864.jpg 1536w, https:\/\/www.entraideprotestantelarochelle.fr\/SiteEntraide\/wp-content\/uploads\/2024\/04\/IMG_4016-edited-2048x1152.jpg 2048w\" sizes=\"auto, (max-width: 2560px) 100vw, 2560px\" \/><\/figure>\n\n\n\n<figure class=\"wp-block-image size-large\"><img loading=\"lazy\" decoding=\"async\" width=\"1024\" height=\"572\" data-id=\"398\" src=\"https:\/\/www.entraideprotestantelarochelle.fr\/SiteEntraide\/wp-content\/uploads\/2024\/05\/IMG_4017-2-1-1024x572.jpg\" alt=\"\" class=\"wp-image-398\" srcset=\"https:\/\/www.entraideprotestantelarochelle.fr\/SiteEntraide\/wp-content\/uploads\/2024\/05\/IMG_4017-2-1-1024x572.jpg 1024w, https:\/\/www.entraideprotestantelarochelle.fr\/SiteEntraide\/wp-content\/uploads\/2024\/05\/IMG_4017-2-1-300x168.jpg 300w, https:\/\/www.entraideprotestantelarochelle.fr\/SiteEntraide\/wp-content\/uploads\/2024\/05\/IMG_4017-2-1-768x429.jpg 768w, https:\/\/www.entraideprotestantelarochelle.fr\/SiteEntraide\/wp-content\/uploads\/2024\/05\/IMG_4017-2-1-1536x858.jpg 1536w, https:\/\/www.entraideprotestantelarochelle.fr\/SiteEntraide\/wp-content\/uploads\/2024\/05\/IMG_4017-2-1-2048x1144.jpg 2048w\" sizes=\"auto, (max-width: 1024px) 100vw, 1024px\" \/><\/figure>\n<\/figure>\n\n\n\n<p class=\"wp-block-paragraph\">Les b\u00e9n\u00e9voles r\u00e9cup\u00e8rent les aliments \u00e0 la plateforme logistique de la Banque alimentaire pour les acheminer vers les diff\u00e9rents sites. Les frigos et espaces de stockage permettent d\u2019entreposer les denr\u00e9es jusqu\u2019au moment de la distribution\u202f: jeudi au Centre Protestant Jeanne d\u2019Albret, jeudi \u00e0 Villeneuve-les-Salines et vendredi \u00e0 Mireuil, les semaines paires. En fonction des endroits, les b\u00e9n\u00e9ficiaires re\u00e7oivent un panier \u00e9quilibr\u00e9 ou choisissent ce qu\u2019ils veulent comme au march\u00e9. L\u2019aide alimentaire n\u2019est pas seulement une r\u00e9ponse au probl\u00e8me de nutrition mais aussi une occasion d\u2019\u00e9changer autour d\u2019un caf\u00e9, de cr\u00e9er du lien social dans une ambiance bienveillante.<\/p>\n\n\n\n<div class=\"wp-block-columns is-layout-flex wp-container-core-columns-is-layout-70b1f738 wp-block-columns-is-layout-flex\" style=\"border-style:none;border-width:0px;padding-right:0;padding-left:0\">\n<div class=\"wp-block-column is-layout-flow wp-block-column-is-layout-flow\">\n<iframe src=\"https:\/\/www.google.com\/maps\/embed?pb=!1m18!1m12!1m3!1d1463.8850743443961!2d-1.1482564562321316!3d46.16175546035284!2m3!1f0!2f0!3f0!3m2!1i1024!2i768!4f13.1!3m3!1m2!1s0x480153abe207cef9%3A0x702304af6818867a!2sEntraide%20Protestante%20de%20La%20Rochelle!5e0!3m2!1sfr!2sfr!4v1712744432516!5m2!1sfr!2sfr\" width=\"100%\" height=\"200\" style=\"border:0;\" allowfullscreen=\"\" loading=\"lazy\" referrerpolicy=\"no-referrer-when-downgrade\"><\/iframe>\n<\/div>\n\n\n\n<div class=\"wp-block-column is-layout-flow wp-container-core-column-is-layout-5185c3d0 wp-block-column-is-layout-flow\">\n<iframe src=\"https:\/\/www.google.com\/maps\/embed?pb=!1m18!1m12!1m3!1d2763.9429637280964!2d-1.1277476225040177!3d46.15188187109359!2m3!1f0!2f0!3f0!3m2!1i1024!2i768!4f13.1!3m3!1m2!1s0x4801524233ec0115%3A0xcc660a70a98aedb7!2s%C3%89glise%20Saint%20Jean-Baptiste!5e0!3m2!1sfr!2sfr!4v1712744587616!5m2!1sfr!2sfr\" width=\"100%\" height=\"200\" style=\"border:0;\" allowfullscreen=\"\" loading=\"lazy\" referrerpolicy=\"no-referrer-when-downgrade\"><\/iframe>\n<\/div>\n\n\n\n<div class=\"wp-block-column is-layout-flow wp-block-column-is-layout-flow\">\n<iframe src=\"https:\/\/www.google.com\/maps\/embed?pb=!1m18!1m12!1m3!1d2763.104334490615!2d-1.1800395225033857!3d46.16857877109425!2m3!1f0!2f0!3f0!3m2!1i1024!2i768!4f13.1!3m3!1m2!1s0x48015379499ce8c1%3A0x2c63758ad400bcf!2s%C3%89picerie%20sociale%20de%20La%20Rochelle-Mireuil!5e0!3m2!1sfr!2sfr!4v1712744638440!5m2!1sfr!2sfr\" width=\"100%\" height=\"200\" style=\"border:0;\" allowfullscreen=\"\" loading=\"lazy\" referrerpolicy=\"no-referrer-when-downgrade\"><\/iframe>\n<\/div>\n<\/div>\n\n\n\n<p class=\"wp-block-paragraph\">Les personnes concern\u00e9es sont associ\u00e9es \u00e0 la logistique\u202f: aller chercher les denr\u00e9es \u00e0 la banque alimentaire ; r\u00e9ceptionner les denr\u00e9es livr\u00e9es, les trier et les organiser ; pr\u00e9parer et distribuer les denr\u00e9es ; accueillir les personnes concern\u00e9es et les orienter ; participer au rangement apr\u00e8s l\u2019action\u2026<\/p>\n\n\n\n<div class=\"wp-block-media-text is-stacked-on-mobile\"><figure class=\"wp-block-media-text__media\"><img loading=\"lazy\" decoding=\"async\" width=\"1024\" height=\"506\" src=\"https:\/\/www.entraideprotestantelarochelle.fr\/SiteEntraide\/wp-content\/uploads\/2024\/04\/Graphik-Distrib-1-1024x506.jpg\" alt=\"\" class=\"wp-image-129 size-full\" srcset=\"https:\/\/www.entraideprotestantelarochelle.fr\/SiteEntraide\/wp-content\/uploads\/2024\/04\/Graphik-Distrib-1-1024x506.jpg 1024w, https:\/\/www.entraideprotestantelarochelle.fr\/SiteEntraide\/wp-content\/uploads\/2024\/04\/Graphik-Distrib-1-300x148.jpg 300w, https:\/\/www.entraideprotestantelarochelle.fr\/SiteEntraide\/wp-content\/uploads\/2024\/04\/Graphik-Distrib-1-768x380.jpg 768w, https:\/\/www.entraideprotestantelarochelle.fr\/SiteEntraide\/wp-content\/uploads\/2024\/04\/Graphik-Distrib-1-1536x759.jpg 1536w, https:\/\/www.entraideprotestantelarochelle.fr\/SiteEntraide\/wp-content\/uploads\/2024\/04\/Graphik-Distrib-1-2048x1012.jpg 2048w\" sizes=\"auto, (max-width: 1024px) 100vw, 1024px\" \/><\/figure><div class=\"wp-block-media-text__content\">\n<p class=\"wp-block-paragraph\">En 2024, au total, ce sont quelque 300 personnes qui b\u00e9n\u00e9ficient de ces distributions qui ont lieu tous les 15 jours.<\/p>\n<\/div><\/div>\n\n\n\n<p class=\"wp-block-paragraph\"><strong>CONTACT<\/strong> Bernard Martin 06 04 15 37 01<\/p>\n\n\n\n<p class=\"has-regular-font-size wp-block-paragraph\"><strong>La Soupe solidaire<\/strong><\/p>\n\n\n\n<p class=\"wp-block-paragraph\">Le collectif La Soupe solidaire, port\u00e9 par l\u2019association Le T\u00f4i K\u00e9tatous dont fait partie l\u2019Entraide, sert selon les saisons environ 200 repas par semaine aux personnes \u00e0 la rue et sans domicile fixe. Install\u00e9e pendant cinq ans pr\u00e8s de la grande roue, la distribution de repas se fait d\u00e9sormais rue de P\u00e9rigny.<\/p>\n\n\n\n<p class=\"wp-block-paragraph\"><strong>CONTACT<\/strong> <a href=\"mailto:murieldumont3320@neuf.fr\">murieldumont3320@neuf.fr<\/a><\/p>\n\n\n\n<figure class=\"wp-block-gallery has-nested-images columns-default is-cropped wp-block-gallery-2 is-layout-flex wp-block-gallery-is-layout-flex\">\n<figure class=\"wp-block-image size-full\"><img loading=\"lazy\" decoding=\"async\" width=\"360\" height=\"270\" data-id=\"422\" src=\"https:\/\/www.entraideprotestantelarochelle.fr\/SiteEntraide\/wp-content\/uploads\/2024\/06\/IMG_01631001-horiz.jpg\" alt=\"\" class=\"wp-image-422\" srcset=\"https:\/\/www.entraideprotestantelarochelle.fr\/SiteEntraide\/wp-content\/uploads\/2024\/06\/IMG_01631001-horiz.jpg 360w, https:\/\/www.entraideprotestantelarochelle.fr\/SiteEntraide\/wp-content\/uploads\/2024\/06\/IMG_01631001-horiz-300x225.jpg 300w\" sizes=\"auto, (max-width: 360px) 100vw, 360px\" \/><\/figure>\n\n\n\n<figure class=\"wp-block-image size-large\"><img loading=\"lazy\" decoding=\"async\" width=\"1024\" height=\"683\" data-id=\"392\" src=\"https:\/\/www.entraideprotestantelarochelle.fr\/SiteEntraide\/wp-content\/uploads\/2024\/05\/CageotNavets-1024x683.jpg\" alt=\"\" class=\"wp-image-392\" srcset=\"https:\/\/www.entraideprotestantelarochelle.fr\/SiteEntraide\/wp-content\/uploads\/2024\/05\/CageotNavets-1024x683.jpg 1024w, https:\/\/www.entraideprotestantelarochelle.fr\/SiteEntraide\/wp-content\/uploads\/2024\/05\/CageotNavets-300x200.jpg 300w, https:\/\/www.entraideprotestantelarochelle.fr\/SiteEntraide\/wp-content\/uploads\/2024\/05\/CageotNavets-768x512.jpg 768w, https:\/\/www.entraideprotestantelarochelle.fr\/SiteEntraide\/wp-content\/uploads\/2024\/05\/CageotNavets-1536x1024.jpg 1536w, https:\/\/www.entraideprotestantelarochelle.fr\/SiteEntraide\/wp-content\/uploads\/2024\/05\/CageotNavets-2048x1365.jpg 2048w\" sizes=\"auto, (max-width: 1024px) 100vw, 1024px\" \/><\/figure>\n\n\n\n<figure class=\"wp-block-image size-large\"><img loading=\"lazy\" decoding=\"async\" width=\"1024\" height=\"683\" data-id=\"395\" src=\"https:\/\/www.entraideprotestantelarochelle.fr\/SiteEntraide\/wp-content\/uploads\/2024\/05\/Pain-rompu-1024x683.jpg\" alt=\"\" class=\"wp-image-395\" srcset=\"https:\/\/www.entraideprotestantelarochelle.fr\/SiteEntraide\/wp-content\/uploads\/2024\/05\/Pain-rompu-1024x683.jpg 1024w, https:\/\/www.entraideprotestantelarochelle.fr\/SiteEntraide\/wp-content\/uploads\/2024\/05\/Pain-rompu-300x200.jpg 300w, https:\/\/www.entraideprotestantelarochelle.fr\/SiteEntraide\/wp-content\/uploads\/2024\/05\/Pain-rompu-768x512.jpg 768w, https:\/\/www.entraideprotestantelarochelle.fr\/SiteEntraide\/wp-content\/uploads\/2024\/05\/Pain-rompu-1536x1024.jpg 1536w, https:\/\/www.entraideprotestantelarochelle.fr\/SiteEntraide\/wp-content\/uploads\/2024\/05\/Pain-rompu-2048x1365.jpg 2048w\" sizes=\"auto, (max-width: 1024px) 100vw, 1024px\" \/><\/figure>\n<\/figure>\n","protected":false},"excerpt":{"rendered":"<p>La distribution Depuis le d\u00e9but des ann\u00e9es 80, l\u2019Entraide Protestante de La Rochelle distribue de l\u2019alimentation sur 3 sites en ville. Elle s\u2019approvisionne essentiellement aupr\u00e8s de la Banque alimentaire et avec le soutien du CCAS. Les membres de l\u2019Entraide protestante de La Rochelle participent d\u2019ailleurs aux collectes de la Banque alimentaire deux fois par an. [&hellip;]<\/p>\n","protected":false},"author":1,"featured_media":0,"parent":0,"menu_order":0,"comment_status":"closed","ping_status":"closed","template":"","meta":{"_crdt_document":"","_mc_calendar":[],"footnotes":""},"class_list":["post-342","page","type-page","status-publish","hentry"],"_links":{"self":[{"href":"https:\/\/www.entraideprotestantelarochelle.fr\/SiteEntraide\/wp-json\/wp\/v2\/pages\/342","targetHints":{"allow":["GET"]}}],"collection":[{"href":"https:\/\/www.entraideprotestantelarochelle.fr\/SiteEntraide\/wp-json\/wp\/v2\/pages"}],"about":[{"href":"https:\/\/www.entraideprotestantelarochelle.fr\/SiteEntraide\/wp-json\/wp\/v2\/types\/page"}],"author":[{"embeddable":true,"href":"https:\/\/www.entraideprotestantelarochelle.fr\/SiteEntraide\/wp-json\/wp\/v2\/users\/1"}],"replies":[{"embeddable":true,"href":"https:\/\/www.entraideprotestantelarochelle.fr\/SiteEntraide\/wp-json\/wp\/v2\/comments?post=342"}],"version-history":[{"count":7,"href":"https:\/\/www.entraideprotestantelarochelle.fr\/SiteEntraide\/wp-json\/wp\/v2\/pages\/342\/revisions"}],"predecessor-version":[{"id":423,"href":"https:\/\/www.entraideprotestantelarochelle.fr\/SiteEntraide\/wp-json\/wp\/v2\/pages\/342\/revisions\/423"}],"wp:attachment":[{"href":"https:\/\/www.entraideprotestantelarochelle.fr\/SiteEntraide\/wp-json\/wp\/v2\/media?parent=342"}],"curies":[{"name":"wp","href":"https:\/\/api.w.org\/{rel}","templated":true}]}}