{"id":40,"date":"2024-04-04T09:38:48","date_gmt":"2024-04-04T09:38:48","guid":{"rendered":"https:\/\/www.entraideprotestantelarochelle.fr\/SiteEntraide\/?page_id=40"},"modified":"2024-06-05T08:14:26","modified_gmt":"2024-06-05T08:14:26","slug":"creation-de-lien-social","status":"publish","type":"page","link":"https:\/\/www.entraideprotestantelarochelle.fr\/SiteEntraide\/creation-de-lien-social\/","title":{"rendered":"Cr\u00e9ation de lien social"},"content":{"rendered":"\n<p class=\"has-regular-font-size wp-block-paragraph\"><strong>Rencontres et partages<\/strong><\/p>\n\n\n\n<p class=\"wp-block-paragraph\">Pour lutter contre l\u2019isolement et le quant-\u00e0-soi, l\u2019Entraide protestante met en place des initiatives pour se rencontrer et cr\u00e9er du lien\u202f:<\/p>\n\n\n\n<ul class=\"wp-block-list\">\n<li>avec les familles b\u00e9n\u00e9ficiaires de la distribution\u202f: caf\u00e9 lors de la distribution, animations pour les enfants et leurs parents (ateliers cr\u00e9atifs suivi d\u2019un go\u00fbter lors des vacances scolaires), \u00e9v\u00e9nements (chasse aux \u0153ufs, arbre de No\u00ebl, etc.),<\/li>\n\n\n\n<li>avec les r\u00e9fugi\u00e9s statutaires de l\u2019Aubre\u00e7ay\u202f: tous les mois est organis\u00e9 en collaboration avec la Fondation des Diaconesses de Reuilly un \u00e9v\u00e9nement qui rassemble membres de l\u2019Entraide, du tiers-lieu et r\u00e9fugi\u00e9s\u202f: repas pr\u00e9par\u00e9 et partag\u00e9 ensemble, cin\u00e9-d\u00e9bat, partage de galette, activit\u00e9s manuelles autour du recyclage\u2026<\/li>\n<\/ul>\n\n\n\n<p class=\"wp-block-paragraph\">Des actions communes rassemblant b\u00e9n\u00e9ficiaires, r\u00e9fugi\u00e9s et membres de l&rsquo;Entraide sont men\u00e9es r\u00e9guli\u00e8rement.<\/p>\n\n\n\n<p class=\"wp-block-paragraph\"><strong>CONTACT<\/strong> Catherine 07 82 78 24 05<\/p>\n\n\n\n<figure class=\"wp-block-gallery has-nested-images columns-default is-cropped wp-block-gallery-1 is-layout-flex wp-block-gallery-is-layout-flex\">\n<figure class=\"wp-block-image size-large\"><img loading=\"lazy\" decoding=\"async\" width=\"1024\" height=\"679\" data-id=\"87\" src=\"https:\/\/www.entraideprotestantelarochelle.fr\/SiteEntraide\/wp-content\/uploads\/2024\/04\/Creation-Lien-soc-1024x679.jpg\" alt=\"\" class=\"wp-image-87\" srcset=\"https:\/\/www.entraideprotestantelarochelle.fr\/SiteEntraide\/wp-content\/uploads\/2024\/04\/Creation-Lien-soc-1024x679.jpg 1024w, https:\/\/www.entraideprotestantelarochelle.fr\/SiteEntraide\/wp-content\/uploads\/2024\/04\/Creation-Lien-soc-300x199.jpg 300w, https:\/\/www.entraideprotestantelarochelle.fr\/SiteEntraide\/wp-content\/uploads\/2024\/04\/Creation-Lien-soc-768x509.jpg 768w, https:\/\/www.entraideprotestantelarochelle.fr\/SiteEntraide\/wp-content\/uploads\/2024\/04\/Creation-Lien-soc-1536x1018.jpg 1536w, https:\/\/www.entraideprotestantelarochelle.fr\/SiteEntraide\/wp-content\/uploads\/2024\/04\/Creation-Lien-soc.jpg 1684w\" sizes=\"auto, (max-width: 1024px) 100vw, 1024px\" \/><\/figure>\n\n\n\n<figure class=\"wp-block-image size-large\"><img loading=\"lazy\" decoding=\"async\" width=\"1024\" height=\"683\" data-id=\"111\" src=\"https:\/\/www.entraideprotestantelarochelle.fr\/SiteEntraide\/wp-content\/uploads\/2024\/04\/IMG_4006-1024x683.jpg\" alt=\"\" class=\"wp-image-111\" srcset=\"https:\/\/www.entraideprotestantelarochelle.fr\/SiteEntraide\/wp-content\/uploads\/2024\/04\/IMG_4006-1024x683.jpg 1024w, https:\/\/www.entraideprotestantelarochelle.fr\/SiteEntraide\/wp-content\/uploads\/2024\/04\/IMG_4006-300x200.jpg 300w, https:\/\/www.entraideprotestantelarochelle.fr\/SiteEntraide\/wp-content\/uploads\/2024\/04\/IMG_4006-768x512.jpg 768w, https:\/\/www.entraideprotestantelarochelle.fr\/SiteEntraide\/wp-content\/uploads\/2024\/04\/IMG_4006-1536x1024.jpg 1536w, https:\/\/www.entraideprotestantelarochelle.fr\/SiteEntraide\/wp-content\/uploads\/2024\/04\/IMG_4006-2048x1365.jpg 2048w\" sizes=\"auto, (max-width: 1024px) 100vw, 1024px\" \/><\/figure>\n\n\n\n<figure class=\"wp-block-image size-large\"><img loading=\"lazy\" decoding=\"async\" width=\"1024\" height=\"683\" data-id=\"112\" src=\"https:\/\/www.entraideprotestantelarochelle.fr\/SiteEntraide\/wp-content\/uploads\/2024\/04\/IMG_4007-1024x683.jpg\" alt=\"\" class=\"wp-image-112\" srcset=\"https:\/\/www.entraideprotestantelarochelle.fr\/SiteEntraide\/wp-content\/uploads\/2024\/04\/IMG_4007-1024x683.jpg 1024w, https:\/\/www.entraideprotestantelarochelle.fr\/SiteEntraide\/wp-content\/uploads\/2024\/04\/IMG_4007-300x200.jpg 300w, https:\/\/www.entraideprotestantelarochelle.fr\/SiteEntraide\/wp-content\/uploads\/2024\/04\/IMG_4007-768x512.jpg 768w, https:\/\/www.entraideprotestantelarochelle.fr\/SiteEntraide\/wp-content\/uploads\/2024\/04\/IMG_4007-1536x1024.jpg 1536w, https:\/\/www.entraideprotestantelarochelle.fr\/SiteEntraide\/wp-content\/uploads\/2024\/04\/IMG_4007-2048x1365.jpg 2048w\" sizes=\"auto, (max-width: 1024px) 100vw, 1024px\" \/><\/figure>\n<\/figure>\n","protected":false},"excerpt":{"rendered":"<p>Rencontres et partages Pour lutter contre l\u2019isolement et le quant-\u00e0-soi, l\u2019Entraide protestante met en place des initiatives pour se rencontrer et cr\u00e9er du lien\u202f: Des actions communes rassemblant b\u00e9n\u00e9ficiaires, r\u00e9fugi\u00e9s et membres de l&rsquo;Entraide sont men\u00e9es r\u00e9guli\u00e8rement. CONTACT Catherine 07 82 78 24 05<\/p>\n","protected":false},"author":1,"featured_media":0,"parent":0,"menu_order":0,"comment_status":"closed","ping_status":"closed","template":"","meta":{"_crdt_document":"","_mc_calendar":[],"footnotes":""},"class_list":["post-40","page","type-page","status-publish","hentry"],"_links":{"self":[{"href":"https:\/\/www.entraideprotestantelarochelle.fr\/SiteEntraide\/wp-json\/wp\/v2\/pages\/40","targetHints":{"allow":["GET"]}}],"collection":[{"href":"https:\/\/www.entraideprotestantelarochelle.fr\/SiteEntraide\/wp-json\/wp\/v2\/pages"}],"about":[{"href":"https:\/\/www.entraideprotestantelarochelle.fr\/SiteEntraide\/wp-json\/wp\/v2\/types\/page"}],"author":[{"embeddable":true,"href":"https:\/\/www.entraideprotestantelarochelle.fr\/SiteEntraide\/wp-json\/wp\/v2\/users\/1"}],"replies":[{"embeddable":true,"href":"https:\/\/www.entraideprotestantelarochelle.fr\/SiteEntraide\/wp-json\/wp\/v2\/comments?post=40"}],"version-history":[{"count":12,"href":"https:\/\/www.entraideprotestantelarochelle.fr\/SiteEntraide\/wp-json\/wp\/v2\/pages\/40\/revisions"}],"predecessor-version":[{"id":433,"href":"https:\/\/www.entraideprotestantelarochelle.fr\/SiteEntraide\/wp-json\/wp\/v2\/pages\/40\/revisions\/433"}],"wp:attachment":[{"href":"https:\/\/www.entraideprotestantelarochelle.fr\/SiteEntraide\/wp-json\/wp\/v2\/media?parent=40"}],"curies":[{"name":"wp","href":"https:\/\/api.w.org\/{rel}","templated":true}]}}