{"id":401,"date":"2024-05-16T16:21:50","date_gmt":"2024-05-16T16:21:50","guid":{"rendered":"https:\/\/www.entraideprotestantelarochelle.fr\/SiteEntraide\/?page_id=401"},"modified":"2024-06-05T15:32:17","modified_gmt":"2024-06-05T15:32:17","slug":"mentions-legales","status":"publish","type":"page","link":"https:\/\/www.entraideprotestantelarochelle.fr\/SiteEntraide\/mentions-legales\/","title":{"rendered":"Mentions l\u00e9gales"},"content":{"rendered":"\n<p class=\"wp-block-paragraph\"><strong>Entraide protestante de La Rochelle<\/strong><br>2 rue du Brave Rondeau<br>17000 La Rochelle<br>par email : <a href=\"https:\/\/www.entraideprotestantelarochelle.fr\/SiteEntraide\/contact\/\">entraide-protestante-lr@orange.fr<\/a><br>par t\u00e9l\u00e9phone : 06 04 15 37 01<\/p>\n\n\n\n<p class=\"wp-block-paragraph\">Pour toute r\u00e9clamation,&nbsp;vous pouvez nous adresser un email \u00e0 l\u2019adresse ci-dessus.<\/p>\n\n\n\n<p class=\"wp-block-paragraph\">Conform\u00e9ment \u00e0 la Loi n\u00b0 78-17 du 01\/01\/1978 \u00ab&nbsp;Informatique, fichiers et libert\u00e9s&nbsp;\u00bb, vous disposez d\u2019un droit d\u2019acc\u00e8s et de rectification pour toute information nominative vous concernant dans nos fichiers. Sauf opposition \u00e9crite de votre part, les informations obligatoires pour le traitement de vos demandes pourront \u00eatre utilis\u00e9es \u00e0 des fins de prospection par notre soci\u00e9t\u00e9 afin de vous proposer d\u2019autres produits.<\/p>\n\n\n\n<h2 class=\"wp-block-heading has-body-text-font-size\">H\u00c9BERGEUR<\/h2>\n\n\n\n<p class=\"wp-block-paragraph\">OVH<br>140 Quai du Sartel<br>59100 Roubaix<br><a href=\"http:\/\/www.ovh.fr\/\">www.ovh.fr<\/a><\/p>\n\n\n\n<p class=\"wp-block-paragraph\">Responsable de la publication : XXXXXXXXXX<\/p>\n\n\n\n<h2 class=\"wp-block-heading has-body-text-font-size\">LIENS HYPERTEXTES ET COOKIES<\/h2>\n\n\n\n<p class=\"wp-block-paragraph\">Le site de l&rsquo;Entraide protestante de La Rochelle&nbsp;contient un certain nombre de liens hypertextes vers d\u2019autres sites (partenaires, informations \u2026) mis en place avec l\u2019autorisation du&nbsp;propri\u00e9taire du site. Cependant, le propri\u00e9taire du site n\u2019a pas la possibilit\u00e9 de v\u00e9rifier le contenu des sites ainsi visit\u00e9s&nbsp;et d\u00e9cline donc toute responsabilit\u00e9 de ce fait quant aux risques \u00e9ventuels de contenus illicites.<\/p>\n\n\n\n<p class=\"wp-block-paragraph\">L\u2019utilisateur est inform\u00e9 que lors de ses visites sur le site de l&rsquo;Entraide protestante de La Rochelle, un ou des cookies sont susceptibles de s\u2019installer automatiquement sur son ordinateur. Un cookie est un fichier de petite taille, qui ne permet pas l\u2019identification de l\u2019utilisateur, mais qui enregistre des informations relatives \u00e0 la navigation d\u2019un ordinateur sur un site. Les donn\u00e9es ainsi obtenues visent \u00e0 faciliter la navigation ult\u00e9rieure sur le site, et ont \u00e9galement vocation \u00e0 permettre diverses mesures de fr\u00e9quentation.<\/p>\n\n\n\n<p class=\"wp-block-paragraph\">Le param\u00e9trage du logiciel de navigation permet d\u2019informer de la pr\u00e9sence de cookie et \u00e9ventuellement, de refuser de la mani\u00e8re d\u00e9crite \u00e0 l\u2019adresse suivante :&nbsp;<a href=\"http:\/\/www.cnil.fr\/\">www.cnil.fr<\/a><\/p>\n\n\n\n<p class=\"wp-block-paragraph\">Le refus d\u2019installation d\u2019un cookie peut entra\u00eener l\u2019impossibilit\u00e9 d\u2019acc\u00e9der \u00e0 certains services. L\u2019utilisateur peut toutefois configurer son ordinateur de la mani\u00e8re suivante, pour refuser l\u2019installation des cookies<\/p>\n\n\n\n<h2 class=\"wp-block-heading has-body-text-font-size\">PROPRI\u00c9T\u00c9 INTELLECTUELLE<\/h2>\n\n\n\n<p class=\"wp-block-paragraph\">L&rsquo;Entraide protestante de La Rochelle est titulaire du nom de domaine NOM DOMAINE.&nbsp;Le site dans son ensemble ainsi que les \u00e9l\u00e9ments qui le&nbsp;compose&nbsp;(notamment photographies, mode de pr\u00e9sentation&nbsp;des produits, textes, arborescence, animations et logos) constituent des \u0153uvres de l\u2019esprit prot\u00e9g\u00e9es par les articles L.1111-1 et suivants du Code de la propri\u00e9t\u00e9 intellectuelle.<\/p>\n\n\n\n<p class=\"wp-block-paragraph\">Le site ainsi que les \u00e9l\u00e9ments qui y sont repr\u00e9sent\u00e9s sont la propri\u00e9t\u00e9 exclusive de l&rsquo;Entraide protestante de La Rochelle, seule habilit\u00e9e \u00e0 utiliser les droits de propri\u00e9t\u00e9 intellectuelle et droit de la personnalit\u00e9 y aff\u00e9rents. Par ailleurs, les mod\u00e8les des produits pr\u00e9sent\u00e9s sont d\u00e9pos\u00e9s et donc prot\u00e9g\u00e9s par le droit de la propri\u00e9t\u00e9 intellectuelle.<\/p>\n\n\n\n<h2 class=\"wp-block-heading has-body-text-font-size\">DONN\u00c9ES PERSONNELLES<\/h2>\n\n\n\n<p class=\"wp-block-paragraph\">Il est possible de visiter le site de l&rsquo;Entraide protestante de La Rochelle sans communiquer d\u2019information personnelle et l\u2019utilisateur n\u2019est d\u2019aucune mani\u00e8re oblig\u00e9 de transmettre des informations \u00e0 notre soci\u00e9t\u00e9. N\u00e9anmoins nous pouvons \u00eatre conduit \u00e0 demander ponctuellement les informations personnelles de type : nom, pr\u00e9nom, adresse postale, adresse email, num\u00e9ro de t\u00e9l\u00e9phone, curriculum vitae.<\/p>\n\n\n\n<p class=\"wp-block-paragraph\">En fournissant ces informations, l\u2019utilisateur accepte express\u00e9ment qu\u2019elles soient trait\u00e9es par l&rsquo;Entraide protestante de La Rochelle aux fins indiqu\u00e9es au point 2 ci-dessous.<\/p>\n\n\n\n<p class=\"wp-block-paragraph\">Dans le cadre du R\u00e8glement G\u00e9n\u00e9ral sur la Protection des Donn\u00e9es (RGPD) n\u00b02016\/679 du 27 avril 2016 applicable \u00e0 partir 25 mai 2018, l&rsquo;Entraide protestante de La Rochelle vous informe des points suivants.<\/p>\n\n\n\n<p class=\"wp-block-paragraph\"><strong>1. Identit\u00e9 du responsable du traitement<\/strong><br>Le responsable du traitement est l&rsquo;Entraide protestante de La Rochelle repr\u00e9sent\u00e9e par son g\u00e9rant XXXXX.<\/p>\n\n\n\n<p class=\"wp-block-paragraph\"><strong>2. Finalit\u00e9s du traitement<\/strong><br>L&rsquo;Entraide protestante de La Rochelle est susceptible de traiter vos informations personnelles aux fins de pouvoir vous recontacter (Formulaires de contact).<\/p>\n\n\n\n<p class=\"wp-block-paragraph\"><strong>3. D\u00e9lai de conservation<\/strong><br>Vos donn\u00e9es personnelles n\u00e9cessaires \u00e0 la gestion de vos contrats&nbsp;sont conserv\u00e9es pour le d\u00e9lai pendant lequel les dits contrats restent en vigueur. Toutes autres donn\u00e9es pourront \u00eatre conserv\u00e9es dans un d\u00e9lai maximum de 24 mois.&nbsp;<\/p>\n\n\n\n<p class=\"wp-block-paragraph\"><strong>4. Stockage des donn\u00e9es personnelles<\/strong><br>L&rsquo;Entraide protestante de La Rochelle stocke vos donn\u00e9es personnelles uniquement sur ses propres serveurs, supports informatiques ou supports de sauvegarde. Seuls les salari\u00e9s de la soci\u00e9t\u00e9 peuvent avoir acc\u00e8s \u00e0 vos donn\u00e9es personnelles.&nbsp;<\/p>\n\n\n\n<p class=\"wp-block-paragraph\"><strong>5. Vos droits<\/strong><br>Vous disposez d\u2019un droit d\u2019acc\u00e8s de rectification, d\u2019effacement, de limitation, d\u2019opposition et portabilit\u00e9 en vous adressant \u00e0 l&rsquo;Entraide protestante de La Rochelle \u00e0 l\u2019adresse suivante :&nbsp;<a href=\"mailto:jardins.aubrecay@gmail.com\" target=\"_blank\" rel=\"noreferrer noopener\">entraide-protestante-lr@orange.fr<\/a><\/p>\n\n\n\n<p class=\"wp-block-paragraph\">Vous pourrez \u00e0 tout moment nous demander la destruction de vos donn\u00e9es personnelles.<\/p>\n\n\n\n<p class=\"wp-block-paragraph\">Vous disposez du droit d\u2019introduire une r\u00e9clamation aupr\u00e8s de la CNIL, 3 place de Fontenoy \u2013 TSA 80715 \u2013 75334 Paris Cedex 07.&nbsp;<\/p>\n\n\n\n<p class=\"wp-block-paragraph\">Enfin, pour toute information et r\u00e9clamation relatives \u00e0 vos donn\u00e9es personnelles d\u00e9tenues par l&rsquo;Entraide protestante de La Rochelle, nous vous invitons \u00e0 nous contacter par email \u00e0 l\u2019adresse suivante : entraide-protestante-lr@orange.fr<\/p>\n\n\n\n<h2 class=\"wp-block-heading has-body-text-font-size\">TRAITEMENT DES R\u00c9CLAMATIONS<\/h2>\n\n\n\n<p class=\"wp-block-paragraph\">Pour toute r\u00e9clamation, vous pouvez nous contacter selon les modalit\u00e9s suivantes :<\/p>\n\n\n\n<p class=\"wp-block-paragraph\">par courrier : Entraide protestante de La Rochelle, 2 rue du Brave Rondeau, 17000 La Rochelle<br>par email : <a href=\"mailto:entraide-protestante-lr@orange.fr\">entraide-protestante-lr@orange.fr<\/a><br>par t\u00e9l\u00e9phone : 06 04 15 37 01<\/p>\n\n\n\n<p class=\"wp-block-paragraph\">En cas de r\u00e9clamation, nous nous engageons \u00e0 vous r\u00e9pondre par \u00e9crit dans un d\u00e9lai de 3 semaines.<\/p>\n\n\n\n<p class=\"wp-block-paragraph\">\u00c0 d\u00e9faut d\u2019accord, vous pouvez saisir un m\u00e9diateur de la consommation en vue de la r\u00e9solution amiable du litige. Par ailleurs, les \u00e9ventuels diff\u00e9rends qui pourraient na\u00eetre peuvent \u00eatre port\u00e9s devant l\u2019Autorit\u00e9 de Contr\u00f4le prudentiel et de r\u00e9solution (ACPR) 4, place de Budapest, 75436 Paris.<\/p>\n","protected":false},"excerpt":{"rendered":"<p>Entraide protestante de La Rochelle2 rue du Brave Rondeau17000 La Rochellepar email : entraide-protestante-lr@orange.frpar t\u00e9l\u00e9phone : 06 04 15 37 01 Pour toute r\u00e9clamation,&nbsp;vous pouvez nous adresser un email \u00e0 l\u2019adresse ci-dessus. Conform\u00e9ment \u00e0 la Loi n\u00b0 78-17 du 01\/01\/1978 \u00ab&nbsp;Informatique, fichiers et libert\u00e9s&nbsp;\u00bb, vous disposez d\u2019un droit d\u2019acc\u00e8s et de rectification pour toute information [&hellip;]<\/p>\n","protected":false},"author":1,"featured_media":0,"parent":0,"menu_order":0,"comment_status":"closed","ping_status":"closed","template":"","meta":{"_crdt_document":"","_mc_calendar":[],"footnotes":""},"class_list":["post-401","page","type-page","status-publish","hentry"],"_links":{"self":[{"href":"https:\/\/www.entraideprotestantelarochelle.fr\/SiteEntraide\/wp-json\/wp\/v2\/pages\/401","targetHints":{"allow":["GET"]}}],"collection":[{"href":"https:\/\/www.entraideprotestantelarochelle.fr\/SiteEntraide\/wp-json\/wp\/v2\/pages"}],"about":[{"href":"https:\/\/www.entraideprotestantelarochelle.fr\/SiteEntraide\/wp-json\/wp\/v2\/types\/page"}],"author":[{"embeddable":true,"href":"https:\/\/www.entraideprotestantelarochelle.fr\/SiteEntraide\/wp-json\/wp\/v2\/users\/1"}],"replies":[{"embeddable":true,"href":"https:\/\/www.entraideprotestantelarochelle.fr\/SiteEntraide\/wp-json\/wp\/v2\/comments?post=401"}],"version-history":[{"count":4,"href":"https:\/\/www.entraideprotestantelarochelle.fr\/SiteEntraide\/wp-json\/wp\/v2\/pages\/401\/revisions"}],"predecessor-version":[{"id":453,"href":"https:\/\/www.entraideprotestantelarochelle.fr\/SiteEntraide\/wp-json\/wp\/v2\/pages\/401\/revisions\/453"}],"wp:attachment":[{"href":"https:\/\/www.entraideprotestantelarochelle.fr\/SiteEntraide\/wp-json\/wp\/v2\/media?parent=401"}],"curies":[{"name":"wp","href":"https:\/\/api.w.org\/{rel}","templated":true}]}}