{"id":42,"date":"2024-04-04T15:57:05","date_gmt":"2024-04-04T15:57:05","guid":{"rendered":"https:\/\/www.entraideprotestantelarochelle.fr\/SiteEntraide\/?page_id=42"},"modified":"2024-06-05T07:52:15","modified_gmt":"2024-06-05T07:52:15","slug":"le-tiers-lieu-de-laubrecay","status":"publish","type":"page","link":"https:\/\/www.entraideprotestantelarochelle.fr\/SiteEntraide\/le-tiers-lieu-de-laubrecay\/","title":{"rendered":"Le tiers-lieu de l\u2019Aubre\u00e7ay"},"content":{"rendered":"\n<p class=\"wp-block-paragraph\">Situ\u00e9 aux portes de La Rochelle, le tiers-lieu alimentaire et nourricier des <a href=\"https:\/\/jardins-aubrecay.org\">Jardins de l\u2019Aubre\u00e7ay<\/a> a vu le jour en 2021 \u00e0 l\u2019initiative de l\u2019Entraide protestante de La Rochelle. Ce tiers-lieu s\u2019est structur\u00e9 en association en ao\u00fbt 2023 et est compos\u00e9 de plusieurs parties prenantes :<\/p>\n\n\n\n<ul class=\"wp-block-list\">\n<li>l\u2019Entraide protestante de La Rochelle, <\/li>\n\n\n\n<li>Alter Ga\u00efa, <\/li>\n\n\n\n<li>les Mara\u00eechers de l\u2019Aubre\u00e7ay, <\/li>\n\n\n\n<li>la Fraternit\u00e9-Mission populaire de La Rochelle, <\/li>\n\n\n\n<li>les Yogis de l\u2019Aubre\u00e7ay,<\/li>\n\n\n\n<li>et bient\u00f4t un collectif pour les jardins \u00e9coth\u00e9rapeutiques. <\/li>\n<\/ul>\n\n\n\n<p class=\"wp-block-paragraph\">Le tiers-lieu propose des rencontres et des temps de partage ouverts \u00e0 tous. Citons, entre autres \u00e9v\u00e9nements, la F\u00eate de la confiture au d\u00e9but de l&rsquo;automne et \u00ab\u00a0Tous au compost\u00a0\u00bb au printemps. <\/p>\n\n\n\n<figure class=\"wp-block-gallery has-nested-images columns-default is-cropped wp-block-gallery-1 is-layout-flex wp-block-gallery-is-layout-flex\">\n<figure class=\"wp-block-image aligncenter size-large\"><img loading=\"lazy\" decoding=\"async\" width=\"1024\" height=\"683\" data-id=\"144\" src=\"https:\/\/www.entraideprotestantelarochelle.fr\/SiteEntraide\/wp-content\/uploads\/2024\/04\/IMG_3509-1-1024x683.jpg\" alt=\"\" class=\"wp-image-144\" srcset=\"https:\/\/www.entraideprotestantelarochelle.fr\/SiteEntraide\/wp-content\/uploads\/2024\/04\/IMG_3509-1-1024x683.jpg 1024w, https:\/\/www.entraideprotestantelarochelle.fr\/SiteEntraide\/wp-content\/uploads\/2024\/04\/IMG_3509-1-300x200.jpg 300w, https:\/\/www.entraideprotestantelarochelle.fr\/SiteEntraide\/wp-content\/uploads\/2024\/04\/IMG_3509-1-768x512.jpg 768w, https:\/\/www.entraideprotestantelarochelle.fr\/SiteEntraide\/wp-content\/uploads\/2024\/04\/IMG_3509-1-1536x1024.jpg 1536w, https:\/\/www.entraideprotestantelarochelle.fr\/SiteEntraide\/wp-content\/uploads\/2024\/04\/IMG_3509-1-2048x1365.jpg 2048w\" sizes=\"auto, (max-width: 1024px) 100vw, 1024px\" \/><\/figure>\n\n\n\n<figure class=\"wp-block-image size-large\"><img loading=\"lazy\" decoding=\"async\" width=\"1024\" height=\"683\" data-id=\"143\" src=\"https:\/\/www.entraideprotestantelarochelle.fr\/SiteEntraide\/wp-content\/uploads\/2024\/04\/IMG_3040-1024x683.jpg\" alt=\"\" class=\"wp-image-143\" srcset=\"https:\/\/www.entraideprotestantelarochelle.fr\/SiteEntraide\/wp-content\/uploads\/2024\/04\/IMG_3040-1024x683.jpg 1024w, https:\/\/www.entraideprotestantelarochelle.fr\/SiteEntraide\/wp-content\/uploads\/2024\/04\/IMG_3040-300x200.jpg 300w, https:\/\/www.entraideprotestantelarochelle.fr\/SiteEntraide\/wp-content\/uploads\/2024\/04\/IMG_3040-768x512.jpg 768w, https:\/\/www.entraideprotestantelarochelle.fr\/SiteEntraide\/wp-content\/uploads\/2024\/04\/IMG_3040-1536x1024.jpg 1536w, https:\/\/www.entraideprotestantelarochelle.fr\/SiteEntraide\/wp-content\/uploads\/2024\/04\/IMG_3040-2048x1365.jpg 2048w\" sizes=\"auto, (max-width: 1024px) 100vw, 1024px\" \/><\/figure>\n\n\n\n<figure class=\"wp-block-image size-large\"><img loading=\"lazy\" decoding=\"async\" width=\"1024\" height=\"576\" data-id=\"146\" src=\"https:\/\/www.entraideprotestantelarochelle.fr\/SiteEntraide\/wp-content\/uploads\/2024\/04\/2022-10-15_130729-1024x576.jpg\" alt=\"\" class=\"wp-image-146\" srcset=\"https:\/\/www.entraideprotestantelarochelle.fr\/SiteEntraide\/wp-content\/uploads\/2024\/04\/2022-10-15_130729-1024x576.jpg 1024w, https:\/\/www.entraideprotestantelarochelle.fr\/SiteEntraide\/wp-content\/uploads\/2024\/04\/2022-10-15_130729-300x169.jpg 300w, https:\/\/www.entraideprotestantelarochelle.fr\/SiteEntraide\/wp-content\/uploads\/2024\/04\/2022-10-15_130729-768x432.jpg 768w, https:\/\/www.entraideprotestantelarochelle.fr\/SiteEntraide\/wp-content\/uploads\/2024\/04\/2022-10-15_130729-1536x864.jpg 1536w, https:\/\/www.entraideprotestantelarochelle.fr\/SiteEntraide\/wp-content\/uploads\/2024\/04\/2022-10-15_130729-2048x1152.jpg 2048w\" sizes=\"auto, (max-width: 1024px) 100vw, 1024px\" \/><\/figure>\n<\/figure>\n\n\n\n<p class=\"wp-block-paragraph\"><strong>Lutter contre la pr\u00e9carit\u00e9 alimentaire<\/strong><\/p>\n\n\n\n<p class=\"wp-block-paragraph\">\u00c0 l\u2019origine du projet, l\u2019Entraide protestante de La Rochelle a mis \u00e0 disposition des terres et des espaces pour cr\u00e9er avec d\u2019autres structures un tiers-lieu alimentaire et nourricier. Ses actions en tant que partie-prenante visent au mieux-vivre alimentaire pour tous.&nbsp;&nbsp;<\/p>\n\n\n\n<ul class=\"wp-block-list\">\n<li>Les paniers de l\u2019Entraide (achat de fruits et l\u00e9gumes bios aux mara\u00eechers du tiers-lieu) permettent <strong>l\u2019acc\u00e8s de tous \u00e0 une alimentation de qualit\u00e9<\/strong>. La qualit\u00e9 nutritionnelle et gustative de la distribution alimentaire aux plus d\u00e9munis en est ainsi am\u00e9lior\u00e9e.&nbsp;<\/li>\n\n\n\n<li>Les ateliers de cuisine dans la l\u00e9gumerie permettent est d\u2019organiser des temps de sensibilisation et de convivialit\u00e9. Lieu <strong>d\u2019accueil <\/strong>et de <strong>partages, <\/strong>la l\u00e9gumerie dispose<strong> <\/strong>d\u2019une salle \u00e0 manger. L\u2019Entraide coconstruit \u00e9galement des projets autour de l\u2019alimentation<strong> <\/strong>avec<strong> <\/strong>les associations et personnes contribuant au <strong>bien-vivre alimentaire<\/strong> pour tous&nbsp;&nbsp;<\/li>\n\n\n\n<li>L\u2019Entraide protestante est co-r\u00e9f\u00e9rente du Projet Alimentaire de Territoire La Rochelle-Aunis-R\u00e9 au sein du Groupe de Travail Aide alimentaire et participe \u00e0 rendre notre syst\u00e8me alimentaire plus durable, plus responsable, plus \u00e9quitable. Elle travaille \u00e0 faciliter l\u2019acc\u00e8s de tous \u00e0 des produits durables et locaux, et \u00e0 accompagner au changement d\u2019habitudes alimentaires.&nbsp;<\/li>\n<\/ul>\n\n\n\n<p class=\"wp-block-paragraph\"><strong>CONTACT<\/strong> Nathalie 06 22 53 05 39<\/p>\n","protected":false},"excerpt":{"rendered":"<p>Situ\u00e9 aux portes de La Rochelle, le tiers-lieu alimentaire et nourricier des Jardins de l\u2019Aubre\u00e7ay a vu le jour en 2021 \u00e0 l\u2019initiative de l\u2019Entraide protestante de La Rochelle. Ce tiers-lieu s\u2019est structur\u00e9 en association en ao\u00fbt 2023 et est compos\u00e9 de plusieurs parties prenantes : Le tiers-lieu propose des rencontres et des temps de [&hellip;]<\/p>\n","protected":false},"author":1,"featured_media":60,"parent":0,"menu_order":0,"comment_status":"closed","ping_status":"closed","template":"","meta":{"_crdt_document":"","_mc_calendar":[],"footnotes":""},"class_list":["post-42","page","type-page","status-publish","has-post-thumbnail","hentry"],"_links":{"self":[{"href":"https:\/\/www.entraideprotestantelarochelle.fr\/SiteEntraide\/wp-json\/wp\/v2\/pages\/42","targetHints":{"allow":["GET"]}}],"collection":[{"href":"https:\/\/www.entraideprotestantelarochelle.fr\/SiteEntraide\/wp-json\/wp\/v2\/pages"}],"about":[{"href":"https:\/\/www.entraideprotestantelarochelle.fr\/SiteEntraide\/wp-json\/wp\/v2\/types\/page"}],"author":[{"embeddable":true,"href":"https:\/\/www.entraideprotestantelarochelle.fr\/SiteEntraide\/wp-json\/wp\/v2\/users\/1"}],"replies":[{"embeddable":true,"href":"https:\/\/www.entraideprotestantelarochelle.fr\/SiteEntraide\/wp-json\/wp\/v2\/comments?post=42"}],"version-history":[{"count":9,"href":"https:\/\/www.entraideprotestantelarochelle.fr\/SiteEntraide\/wp-json\/wp\/v2\/pages\/42\/revisions"}],"predecessor-version":[{"id":426,"href":"https:\/\/www.entraideprotestantelarochelle.fr\/SiteEntraide\/wp-json\/wp\/v2\/pages\/42\/revisions\/426"}],"wp:featuredmedia":[{"embeddable":true,"href":"https:\/\/www.entraideprotestantelarochelle.fr\/SiteEntraide\/wp-json\/wp\/v2\/media\/60"}],"wp:attachment":[{"href":"https:\/\/www.entraideprotestantelarochelle.fr\/SiteEntraide\/wp-json\/wp\/v2\/media?parent=42"}],"curies":[{"name":"wp","href":"https:\/\/api.w.org\/{rel}","templated":true}]}}