{"id":44,"date":"2024-04-02T09:12:26","date_gmt":"2024-04-02T09:12:26","guid":{"rendered":"https:\/\/www.entraideprotestantelarochelle.fr\/SiteEntraide\/?page_id=44"},"modified":"2024-05-16T15:42:37","modified_gmt":"2024-05-16T15:42:37","slug":"avenir-17accompagnement-des-sortants-de-prison","status":"publish","type":"page","link":"https:\/\/www.entraideprotestantelarochelle.fr\/SiteEntraide\/avenir-17accompagnement-des-sortants-de-prison\/","title":{"rendered":"Avenir 17"},"content":{"rendered":"\n<p class=\"has-regular-font-size wp-block-paragraph\"><strong>Accompagnement des sortants de prison<\/strong><\/p>\n\n\n\n<p class=\"wp-block-paragraph\">Avenir 17 propose un accompagnement des personnes qui sortent de prison. Con\u00e7u en lien avec la Direction du service p\u00e9nitentiaire d\u2019insertion et probation d\u00e9partemental (DSIP-17) de La Rochelle, le collectif est port\u00e9 par les services prison-justice de la Croix-Rouge rochelaise, du Secours catholique en Charentes et de l\u2019Entraide protestante de La Rochelle.<\/p>\n\n\n\n<p class=\"wp-block-paragraph\"><strong>Lieu d\u2019\u00e9coute et d\u2019orientation<\/strong><\/p>\n\n\n\n<p class=\"wp-block-paragraph\">N\u00e9 en 2019, ce collectif est compos\u00e9 de b\u00e9n\u00e9voles dont la mission est d\u2019aider les personnes sortant de prison, pour une r\u00e9adaptation \u00e0 la vie sociale complexe et mouvante apr\u00e8s un temps de d\u00e9tention parfois long. Elle agit en lien, d\u2019une part avec le service de contr\u00f4le socio-judiciaire, et d\u2019autre part avec les services sociaux et m\u00e9dicaux.<br>Les b\u00e9n\u00e9voles accompagnent en toute humanit\u00e9 ces personnes plut\u00f4t fragiles dont le comportement doit \u00e9viter la r\u00e9cidive en soci\u00e9t\u00e9. Souvent, les liens familiaux sont rompus et il est important de les aider \u00e0 sortir de l\u2019isolement et \u00e0 retrouver du lien social.<\/p>\n\n\n\n<p class=\"wp-block-paragraph\"><strong>Insertion sociale et professionnelle<\/strong><\/p>\n\n\n\n<p class=\"wp-block-paragraph\">Avenir 17 dispose de 7 b\u00e9n\u00e9voles et a accompagn\u00e9 28 personnes en 2023. Les personnes qui le souhaitent se voient attribuer un b\u00e9n\u00e9vole r\u00e9f\u00e9rent. En fonction de leurs besoins, celui-ci les accompagne dans leurs d\u00e9marches \u2013 m\u00e9dicales, administratives, recherche d\u2019un logement, d\u2019une formation ou d\u2019un emploi \u2013, ou propose simplement une \u00e9coute bienveillante.<\/p>\n\n\n\n<p class=\"wp-block-paragraph\"><strong>CONTACT 24h\/24<\/strong> 06 08 88 76 69<\/p>\n\n\n\n<figure class=\"wp-block-gallery has-nested-images columns-default is-cropped wp-block-gallery-1 is-layout-flex wp-block-gallery-is-layout-flex\">\n<figure class=\"wp-block-image size-large\"><img loading=\"lazy\" decoding=\"async\" width=\"1489\" height=\"1116\" data-id=\"377\" src=\"https:\/\/www.entraideprotestantelarochelle.fr\/SiteEntraide\/wp-content\/uploads\/2024\/05\/Avenir-17-edited.jpg\" alt=\"\" class=\"wp-image-377\" srcset=\"https:\/\/www.entraideprotestantelarochelle.fr\/SiteEntraide\/wp-content\/uploads\/2024\/05\/Avenir-17-edited.jpg 1489w, https:\/\/www.entraideprotestantelarochelle.fr\/SiteEntraide\/wp-content\/uploads\/2024\/05\/Avenir-17-edited-300x225.jpg 300w, https:\/\/www.entraideprotestantelarochelle.fr\/SiteEntraide\/wp-content\/uploads\/2024\/05\/Avenir-17-edited-1024x767.jpg 1024w, https:\/\/www.entraideprotestantelarochelle.fr\/SiteEntraide\/wp-content\/uploads\/2024\/05\/Avenir-17-edited-768x576.jpg 768w\" sizes=\"auto, (max-width: 1489px) 100vw, 1489px\" \/><\/figure>\n\n\n\n<figure class=\"wp-block-image size-large\"><img loading=\"lazy\" decoding=\"async\" width=\"1024\" height=\"815\" data-id=\"378\" src=\"https:\/\/www.entraideprotestantelarochelle.fr\/SiteEntraide\/wp-content\/uploads\/2024\/05\/15-charlesdeluvio-unsplash-300cmjnb-1-1024x815.jpg\" alt=\"\" class=\"wp-image-378\" srcset=\"https:\/\/www.entraideprotestantelarochelle.fr\/SiteEntraide\/wp-content\/uploads\/2024\/05\/15-charlesdeluvio-unsplash-300cmjnb-1-1024x815.jpg 1024w, https:\/\/www.entraideprotestantelarochelle.fr\/SiteEntraide\/wp-content\/uploads\/2024\/05\/15-charlesdeluvio-unsplash-300cmjnb-1-300x239.jpg 300w, https:\/\/www.entraideprotestantelarochelle.fr\/SiteEntraide\/wp-content\/uploads\/2024\/05\/15-charlesdeluvio-unsplash-300cmjnb-1-768x611.jpg 768w, https:\/\/www.entraideprotestantelarochelle.fr\/SiteEntraide\/wp-content\/uploads\/2024\/05\/15-charlesdeluvio-unsplash-300cmjnb-1-1536x1222.jpg 1536w, https:\/\/www.entraideprotestantelarochelle.fr\/SiteEntraide\/wp-content\/uploads\/2024\/05\/15-charlesdeluvio-unsplash-300cmjnb-1-2048x1630.jpg 2048w\" sizes=\"auto, (max-width: 1024px) 100vw, 1024px\" \/><\/figure>\n\n\n\n<figure class=\"wp-block-image size-large\"><img loading=\"lazy\" decoding=\"async\" width=\"1024\" height=\"576\" data-id=\"376\" src=\"https:\/\/www.entraideprotestantelarochelle.fr\/SiteEntraide\/wp-content\/uploads\/2024\/05\/22-michael-coury-unsplash-300cmjn-1024x576.jpg\" alt=\"\" class=\"wp-image-376\" srcset=\"https:\/\/www.entraideprotestantelarochelle.fr\/SiteEntraide\/wp-content\/uploads\/2024\/05\/22-michael-coury-unsplash-300cmjn-1024x576.jpg 1024w, https:\/\/www.entraideprotestantelarochelle.fr\/SiteEntraide\/wp-content\/uploads\/2024\/05\/22-michael-coury-unsplash-300cmjn-300x169.jpg 300w, https:\/\/www.entraideprotestantelarochelle.fr\/SiteEntraide\/wp-content\/uploads\/2024\/05\/22-michael-coury-unsplash-300cmjn-768x432.jpg 768w, https:\/\/www.entraideprotestantelarochelle.fr\/SiteEntraide\/wp-content\/uploads\/2024\/05\/22-michael-coury-unsplash-300cmjn-1536x864.jpg 1536w, https:\/\/www.entraideprotestantelarochelle.fr\/SiteEntraide\/wp-content\/uploads\/2024\/05\/22-michael-coury-unsplash-300cmjn-2048x1152.jpg 2048w\" sizes=\"auto, (max-width: 1024px) 100vw, 1024px\" \/><\/figure>\n<\/figure>\n\n\n\n<p class=\"wp-block-paragraph\"><\/p>\n\n\n\n<p class=\"wp-block-paragraph\"><\/p>\n\n\n\n<p class=\"wp-block-paragraph\"><\/p>\n\n\n\n<p class=\"wp-block-paragraph\"><\/p>\n","protected":false},"excerpt":{"rendered":"<p>Accompagnement des sortants de prison Avenir 17 propose un accompagnement des personnes qui sortent de prison. Con\u00e7u en lien avec la Direction du service p\u00e9nitentiaire d\u2019insertion et probation d\u00e9partemental (DSIP-17) de La Rochelle, le collectif est port\u00e9 par les services prison-justice de la Croix-Rouge rochelaise, du Secours catholique en Charentes et de l\u2019Entraide protestante de [&hellip;]<\/p>\n","protected":false},"author":1,"featured_media":0,"parent":0,"menu_order":0,"comment_status":"closed","ping_status":"closed","template":"","meta":{"_crdt_document":"","_mc_calendar":[],"footnotes":""},"class_list":["post-44","page","type-page","status-publish","hentry"],"_links":{"self":[{"href":"https:\/\/www.entraideprotestantelarochelle.fr\/SiteEntraide\/wp-json\/wp\/v2\/pages\/44","targetHints":{"allow":["GET"]}}],"collection":[{"href":"https:\/\/www.entraideprotestantelarochelle.fr\/SiteEntraide\/wp-json\/wp\/v2\/pages"}],"about":[{"href":"https:\/\/www.entraideprotestantelarochelle.fr\/SiteEntraide\/wp-json\/wp\/v2\/types\/page"}],"author":[{"embeddable":true,"href":"https:\/\/www.entraideprotestantelarochelle.fr\/SiteEntraide\/wp-json\/wp\/v2\/users\/1"}],"replies":[{"embeddable":true,"href":"https:\/\/www.entraideprotestantelarochelle.fr\/SiteEntraide\/wp-json\/wp\/v2\/comments?post=44"}],"version-history":[{"count":12,"href":"https:\/\/www.entraideprotestantelarochelle.fr\/SiteEntraide\/wp-json\/wp\/v2\/pages\/44\/revisions"}],"predecessor-version":[{"id":408,"href":"https:\/\/www.entraideprotestantelarochelle.fr\/SiteEntraide\/wp-json\/wp\/v2\/pages\/44\/revisions\/408"}],"wp:attachment":[{"href":"https:\/\/www.entraideprotestantelarochelle.fr\/SiteEntraide\/wp-json\/wp\/v2\/media?parent=44"}],"curies":[{"name":"wp","href":"https:\/\/api.w.org\/{rel}","templated":true}]}}